{"id":70,"date":"2017-05-01T17:20:07","date_gmt":"2017-05-01T15:20:07","guid":{"rendered":"https:\/\/kathrinfreyburg.de\/?page_id=70"},"modified":"2017-07-15T17:58:23","modified_gmt":"2017-07-15T15:58:23","slug":"musikalischer-werdegang","status":"publish","type":"page","link":"https:\/\/kathrinfreyburg.de\/en\/musikalischer-werdegang\/","title":{"rendered":"Musical career"},"content":{"rendered":"<p><img loading=\"lazy\" decoding=\"async\" class=\"alignleft size-full wp-image-27\" src=\"https:\/\/kathrinfreyburg.de\/wp-content\/uploads\/kathrin-portrait.jpg\" alt=\"\" width=\"400\" height=\"267\" srcset=\"https:\/\/kathrinfreyburg.de\/wp-content\/uploads\/kathrin-portrait.jpg 400w, https:\/\/kathrinfreyburg.de\/wp-content\/uploads\/kathrin-portrait-300x200.jpg 300w\" sizes=\"auto, (max-width: 400px) 100vw, 400px\" \/>I studied church music at &#8220;Universit\u00e4t der K\u00fcnste&#8221; (University of the Arts) from 1980 to 1985. Afterwards, I continued my vocal education: first with Volkher H\u00e4usler, then with Prof. Katharina Begert and finally with Gundula Hintz.<\/p>\n<p>My vocal repertoire ranges from early Renaissance music to baroque works, and from classical and romantic songs to contemporary music.<\/p>\n<p>One of my musical preferences is spiritual music \u2013 thus I have sung many spiritual concerts throughout my entire career.<\/p>\n<p>For many years I have performed with the baroque ensemble &#8220;Cappella stravagante&#8221;. Recently, my most important musical partners have been the Berlin musician Christian Hagitte, with whom I recently produced a CD of 20th century spiritual music, and the pianist Sibylle Ott-Kohm, with whom I am mainly devoted to the song of the 19th and 20th century.<\/p>\n<p><img loading=\"lazy\" decoding=\"async\" class=\"wp-image-216 size-medium aligncenter\" src=\"https:\/\/kathrinfreyburg.de\/wp-content\/uploads\/symbol6a-300x135.png\" alt=\"\" width=\"300\" height=\"135\" srcset=\"https:\/\/kathrinfreyburg.de\/wp-content\/uploads\/symbol6a-300x135.png 300w, https:\/\/kathrinfreyburg.de\/wp-content\/uploads\/symbol6a.png 400w\" sizes=\"auto, (max-width: 300px) 100vw, 300px\" \/><br \/>\n<!--\n\n\n<h2>Samples:<\/h2>\n\n\n<a href=\"https:\/\/www.youtube.com\/watch?v=RgBtodMn7dE\" target=\"_blank\" rel=\"noopener noreferrer\"><strong>Jean-Philippe Rameau (1683 \u2013 1764): \"L'amour couvre les cieux\"<\/strong> (from: \"Les Indes galantes\")<\/a>\n<strong><a href=\"https:\/\/youtu.be\/wYadVAdSgec\" target=\"_blank\" rel=\"noopener noreferrer\">Charles Ives (1874 \u2013 1954): \"Evidence\"<\/a><\/strong>\n--><\/p>","protected":false},"excerpt":{"rendered":"<p>I studied church music at &#8220;Universit\u00e4t der K\u00fcnste&#8221; (University of the Arts) from 1980 to 1985. Afterwards, I continued my vocal education: first with Volkher H\u00e4usler, then with Prof. Katharina Begert and finally with Gundula Hintz. My vocal repertoire ranges from early Renaissance music to baroque works, and from classical and romantic songs to contemporary [&hellip;]<\/p>\n","protected":false},"author":1,"featured_media":0,"parent":0,"menu_order":30,"comment_status":"closed","ping_status":"closed","template":"","meta":{"footnotes":""},"class_list":["post-70","page","type-page","status-publish","hentry","post-preview"],"_links":{"self":[{"href":"https:\/\/kathrinfreyburg.de\/en\/wp-json\/wp\/v2\/pages\/70","targetHints":{"allow":["GET"]}}],"collection":[{"href":"https:\/\/kathrinfreyburg.de\/en\/wp-json\/wp\/v2\/pages"}],"about":[{"href":"https:\/\/kathrinfreyburg.de\/en\/wp-json\/wp\/v2\/types\/page"}],"author":[{"embeddable":true,"href":"https:\/\/kathrinfreyburg.de\/en\/wp-json\/wp\/v2\/users\/1"}],"replies":[{"embeddable":true,"href":"https:\/\/kathrinfreyburg.de\/en\/wp-json\/wp\/v2\/comments?post=70"}],"version-history":[{"count":11,"href":"https:\/\/kathrinfreyburg.de\/en\/wp-json\/wp\/v2\/pages\/70\/revisions"}],"predecessor-version":[{"id":242,"href":"https:\/\/kathrinfreyburg.de\/en\/wp-json\/wp\/v2\/pages\/70\/revisions\/242"}],"wp:attachment":[{"href":"https:\/\/kathrinfreyburg.de\/en\/wp-json\/wp\/v2\/media?parent=70"}],"curies":[{"name":"wp","href":"https:\/\/api.w.org\/{rel}","templated":true}]}}